{"id":35,"date":"2025-05-29T08:10:53","date_gmt":"2025-05-29T06:10:53","guid":{"rendered":"https:\/\/tir-parts.pl\/?page_id=35"},"modified":"2025-06-03T15:59:08","modified_gmt":"2025-06-03T13:59:08","slug":"kontakt","status":"publish","type":"page","link":"https:\/\/tir-parts.pl\/en\/kontakt\/","title":{"rendered":"Contact"},"content":{"rendered":"<div data-elementor-type=\"wp-page\" data-elementor-id=\"35\" class=\"elementor elementor-35\" data-elementor-post-type=\"page\">\n\t\t\t\t<div class=\"elementor-element elementor-element-d91d686 e-flex e-con-boxed e-con e-parent\" data-id=\"d91d686\" data-element_type=\"container\">\n\t\t\t\t\t<div class=\"e-con-inner\">\n\t\t<div class=\"elementor-element elementor-element-299b1869 e-con-full e-flex e-con e-child\" data-id=\"299b1869\" data-element_type=\"container\">\n\t\t\t\t<div class=\"elementor-element elementor-element-20fa787f elementor-widget elementor-widget-heading\" data-id=\"20fa787f\" data-element_type=\"widget\" data-widget_type=\"heading.default\">\n\t\t\t\t<div class=\"elementor-widget-container\">\n\t\t\t\t\t<h1 class=\"elementor-heading-title elementor-size-default\">Contact us\u2014we\u2019ll respond quickly and to the point<\/h1>\t\t\t\t<\/div>\n\t\t\t\t<\/div>\n\t\t\t\t<div class=\"elementor-element elementor-element-d1a4497 elementor-widget elementor-widget-text-editor\" data-id=\"d1a4497\" data-element_type=\"widget\" data-widget_type=\"text-editor.default\">\n\t\t\t\t<div class=\"elementor-widget-container\">\n\t\t\t\t\t\t\t\t\t<p data-start=\"1880\" data-end=\"1929\">Do you have a question about truck parts availability? Or maybe you want to check cooperation terms? Fill out the form or call us\u2014we\u2019re here to help.<\/p>\t\t\t\t\t\t\t\t<\/div>\n\t\t\t\t<\/div>\n\t\t\t\t<\/div>\n\t\t<div class=\"elementor-element elementor-element-657f6e02 e-con-full e-flex e-con e-child\" data-id=\"657f6e02\" data-element_type=\"container\">\n\t\t\t\t<div class=\"elementor-element elementor-element-1bae6c4 elementor-widget elementor-widget-image\" data-id=\"1bae6c4\" data-element_type=\"widget\" data-widget_type=\"image.default\">\n\t\t\t\t<div class=\"elementor-widget-container\">\n\t\t\t\t\t\t\t\t\t\t\t\t\t\t\t<img fetchpriority=\"high\" decoding=\"async\" width=\"963\" height=\"413\" src=\"https:\/\/tir-parts.pl\/wp-content\/uploads\/2025\/06\/TirParts-logo.png\" class=\"attachment-large size-large wp-image-253\" alt=\"\" srcset=\"https:\/\/tir-parts.pl\/wp-content\/uploads\/2025\/06\/TirParts-logo.png 963w, https:\/\/tir-parts.pl\/wp-content\/uploads\/2025\/06\/TirParts-logo-300x129.png 300w, https:\/\/tir-parts.pl\/wp-content\/uploads\/2025\/06\/TirParts-logo-768x329.png 768w\" sizes=\"(max-width: 963px) 100vw, 963px\" title=\"\">\t\t\t\t\t\t\t\t\t\t\t\t\t\t\t<\/div>\n\t\t\t\t<\/div>\n\t\t\t\t<\/div>\n\t\t\t\t\t<\/div>\n\t\t\t\t<\/div>\n\t\t<div class=\"elementor-element elementor-element-a960002 e-flex e-con-boxed e-con e-parent\" data-id=\"a960002\" data-element_type=\"container\">\n\t\t\t\t\t<div class=\"e-con-inner\">\n\t\t<div class=\"elementor-element elementor-element-06419b5 e-con-full e-flex e-con e-child\" data-id=\"06419b5\" data-element_type=\"container\">\n\t\t\t\t<div class=\"elementor-element elementor-element-7034d7d elementor-widget elementor-widget-text-editor\" data-id=\"7034d7d\" data-element_type=\"widget\" data-widget_type=\"text-editor.default\">\n\t\t\t\t<div class=\"elementor-widget-container\">\n\t\t\t\t\t\t\t\t\t<div style=\"border: 1px solid #C3C8D1; border-radius: 0.5em; padding: 1.5rem; text-align: center;\">\n<h3 style=\"margin-bottom: 0.5rem;\">J\u00f3zef \u0141ukasik<\/h3>\n<p style=\"margin: 0 0 0.5rem;\">\ud83d\udcde <a href=\"tel:+48508073890\">+48 508 073 890<\/a><\/p>\n<p style=\"margin: 0 0 1rem;\">\u2709\ufe0f <a href=\"mailto:jozef@tir-parts.pl\">jozef@tir-parts.pl<\/a><\/p>\n<a style=\"display: inline-block; background-color: #25d366; color: #fff; padding: 0.6rem 1.2rem; border-radius: 0.4rem; text-decoration: none;\" href=\"https:\/\/wa.me\/48508073890\" target=\"_blank\" rel=\"noopener\">\nMessage us on WhatsApp\n<\/a>\n\n<\/div>\t\t\t\t\t\t\t\t<\/div>\n\t\t\t\t<\/div>\n\t\t\t\t<\/div>\n\t\t<div class=\"elementor-element elementor-element-51d3729 e-con-full e-flex e-con e-child\" data-id=\"51d3729\" data-element_type=\"container\">\n\t\t\t\t<div class=\"elementor-element elementor-element-117a6b2 elementor-widget elementor-widget-text-editor\" data-id=\"117a6b2\" data-element_type=\"widget\" data-widget_type=\"text-editor.default\">\n\t\t\t\t<div class=\"elementor-widget-container\">\n\t\t\t\t\t\t\t\t\t<div style=\"border: 1px solid #C3C8D1; border-radius: 0.5em; padding: 1.5rem; text-align: center;\">\n<h3 style=\"margin-bottom: 0.5rem;\">Jaros\u0142aw G\u0142uchowski<\/h3>\n<p style=\"margin: 0 0 0.5rem;\">\ud83d\udcde <a href=\"tel:+48500251197\">+48 500 251 197<\/a><\/p>\n<p style=\"margin: 0 0 1rem;\">\u2709\ufe0f <a href=\"mailto:jarek@tir-parts.pl\">jarek@tir-parts.pl<\/a><\/p>\n<a style=\"display: inline-block; background-color: #25d366; color: #fff; padding: 0.6rem 1.2rem; border-radius: 0.4rem; text-decoration: none;\" href=\"https:\/\/wa.me\/48500251197\" target=\"_blank\" rel=\"noopener\">\nMessage us on WhatsApp\n<\/a>\n\n<\/div>\t\t\t\t\t\t\t\t<\/div>\n\t\t\t\t<\/div>\n\t\t\t\t<\/div>\n\t\t<div class=\"elementor-element elementor-element-ab120bf e-con-full e-flex e-con e-child\" data-id=\"ab120bf\" data-element_type=\"container\">\n\t\t\t\t<div class=\"elementor-element elementor-element-7a99f72 elementor-widget elementor-widget-text-editor\" data-id=\"7a99f72\" data-element_type=\"widget\" data-widget_type=\"text-editor.default\">\n\t\t\t\t<div class=\"elementor-widget-container\">\n\t\t\t\t\t\t\t\t\t<div style=\"border: 1px solid #C3C8D1; border-radius: 0.5em; padding: 1.5rem; text-align: center;\">\n<h3 style=\"margin-bottom: 0.5rem;\">Piotr \u0141ukasik<\/h3>\n<p style=\"margin: 0 0 0.5rem;\">\ud83d\udcde <a href=\"tel:+48609104090\">+48 609 104 090<\/a><\/p>\n<p style=\"margin: 0 0 1rem;\">\u2709\ufe0f <a href=\"mailto:jozef@tir-parts.pl\">piotr@tir-parts.pl<\/a><\/p>\n<a style=\"display: inline-block; background-color: #25d366; color: #fff; padding: 0.6rem 1.2rem; border-radius: 0.4rem; text-decoration: none;\" href=\"https:\/\/wa.me\/48609104090\" target=\"_blank\" rel=\"noopener\">\nMessage us on WhatsApp\n<\/a>\n\n<\/div>\t\t\t\t\t\t\t\t<\/div>\n\t\t\t\t<\/div>\n\t\t\t\t<\/div>\n\t\t\t\t\t<\/div>\n\t\t\t\t<\/div>\n\t\t<div class=\"elementor-element elementor-element-10dd4427 e-flex e-con-boxed e-con e-parent\" data-id=\"10dd4427\" data-element_type=\"container\">\n\t\t\t\t\t<div class=\"e-con-inner\">\n\t\t<div class=\"elementor-element elementor-element-7b68b8f e-con-full e-flex e-con e-child\" data-id=\"7b68b8f\" data-element_type=\"container\">\n\t\t\t\t<div class=\"elementor-element elementor-element-1a6e3898 elementor-widget elementor-widget-heading\" data-id=\"1a6e3898\" data-element_type=\"widget\" data-widget_type=\"heading.default\">\n\t\t\t\t<div class=\"elementor-widget-container\">\n\t\t\t\t\t<h2 class=\"elementor-heading-title elementor-size-default\">Call or write to us<\/h2>\t\t\t\t<\/div>\n\t\t\t\t<\/div>\n\t\t\t\t<div class=\"elementor-element elementor-element-12afea08 elementor-widget elementor-widget-text-editor\" data-id=\"12afea08\" data-element_type=\"widget\" data-widget_type=\"text-editor.default\">\n\t\t\t\t<div class=\"elementor-widget-container\">\n\t\t\t\t\t\t\t\t\t<p>Before you join our sales platform or inquire about specific parts\u2014let\u2019s have a conversation.<\/p>\t\t\t\t\t\t\t\t<\/div>\n\t\t\t\t<\/div>\n\t\t\t\t<div class=\"elementor-element elementor-element-18efea0 elementor-widget elementor-widget-text-editor\" data-id=\"18efea0\" data-element_type=\"widget\" data-widget_type=\"text-editor.default\">\n\t\t\t\t<div class=\"elementor-widget-container\">\n\t\t\t\t\t\t\t\t\t<p data-start=\"312\" data-end=\"334\"><strong data-start=\"312\" data-end=\"334\">Call or write to us<\/strong><\/p><p data-start=\"336\" data-end=\"424\">\ud83d\udcde <strong data-start=\"339\" data-end=\"351\">Phone number<\/strong> +48 25 640 54 45<br data-start=\"367\" data-end=\"370\" \/>\ud83d\udce7 <strong data-start=\"373\" data-end=\"384\">Email:<\/strong> <a class=\"cursor-pointer\" href=\"mailto:biuro@tir-parts.pl\" rel=\"noopener\" data-start=\"385\" data-end=\"398\">biuro@tir-parts.pl<\/a><br data-start=\"398\" data-end=\"401\" \/>\ud83d\udccd <strong data-start=\"492\" data-end=\"502\">Address:<\/strong> \u017bd\u017cary 8, 21-400 \u0141uk\u00f3w<br \/>\ud83d\udd52 <strong data-start=\"404\" data-end=\"422\">Opening hours:<br \/><\/strong>Monday \u2013 Friday: 8:00 AM \u2013 8:00 PM<br \/>Saturday: 8:00 AM \u2013 3:00 PM<\/p>\t\t\t\t\t\t\t\t<\/div>\n\t\t\t\t<\/div>\n\t\t\t\t<\/div>\n\t\t<div class=\"elementor-element elementor-element-2d8d4403 e-con-full e-flex e-con e-child\" data-id=\"2d8d4403\" data-element_type=\"container\">\n\t\t\t\t<div class=\"elementor-element elementor-element-5dbf34e elementor-widget elementor-widget-google_maps\" data-id=\"5dbf34e\" data-element_type=\"widget\" data-widget_type=\"google_maps.default\">\n\t\t\t\t<div class=\"elementor-widget-container\">\n\t\t\t\t\t\t\t<div class=\"elementor-custom-embed\">\n\t\t\t<iframe loading=\"lazy\"\n\t\t\t\t\tsrc=\"https:\/\/maps.google.com\/maps?q=tir-parts%20s.c.&#038;t=m&#038;z=10&#038;output=embed&#038;iwloc=near\"\n\t\t\t\t\ttitle=\"tir-parts s.c.\"\n\t\t\t\t\taria-label=\"tir-parts s.c.\"\n\t\t\t><\/iframe>\n\t\t<\/div>\n\t\t\t\t\t\t<\/div>\n\t\t\t\t<\/div>\n\t\t\t\t<\/div>\n\t\t\t\t\t<\/div>\n\t\t\t\t<\/div>\n\t\t<div class=\"elementor-element elementor-element-edb105c e-flex e-con-boxed e-con e-parent\" data-id=\"edb105c\" data-element_type=\"container\">\n\t\t\t\t\t<div class=\"e-con-inner\">\n\t\t<div class=\"elementor-element elementor-element-196cf72 e-con-full e-flex e-con e-child\" data-id=\"196cf72\" data-element_type=\"container\">\n\t\t\t\t<div class=\"elementor-element elementor-element-556b24b elementor-widget elementor-widget-heading\" data-id=\"556b24b\" data-element_type=\"widget\" data-widget_type=\"heading.default\">\n\t\t\t\t<div class=\"elementor-widget-container\">\n\t\t\t\t\t<h2 class=\"elementor-heading-title elementor-size-default\">Write to us now<\/h2>\t\t\t\t<\/div>\n\t\t\t\t<\/div>\n\t\t\t\t<div class=\"elementor-element elementor-element-bcdf2ed elementor-widget elementor-widget-text-editor\" data-id=\"bcdf2ed\" data-element_type=\"widget\" data-widget_type=\"text-editor.default\">\n\t\t\t\t<div class=\"elementor-widget-container\">\n\t\t\t\t\t\t\t\t\t<p>We respond to messages within a few hours on business days. The more details you provide about your needs, the faster we can assist you.<\/p>\t\t\t\t\t\t\t\t<\/div>\n\t\t\t\t<\/div>\n\t\t\t\t<\/div>\n\t\t<div class=\"elementor-element elementor-element-404f796 e-con-full e-flex e-con e-child\" data-id=\"404f796\" data-element_type=\"container\">\n\t\t\t\t<div class=\"elementor-element elementor-element-b243cbc elementor-widget elementor-widget-wpforms\" data-id=\"b243cbc\" data-element_type=\"widget\" data-widget_type=\"wpforms.default\">\n\t\t\t\t<div class=\"elementor-widget-container\">\n\t\t\t\t\t<style id=\"wpforms-css-vars-elementor-widget-b243cbc\">\n\t\t\t\t.elementor-widget-wpforms.elementor-element-b243cbc {\n\t\t\t\t--wpforms-field-size-input-height: 43px;\n--wpforms-field-size-input-spacing: 15px;\n--wpforms-field-size-font-size: 16px;\n--wpforms-field-size-line-height: 19px;\n--wpforms-field-size-padding-h: 14px;\n--wpforms-field-size-checkbox-size: 16px;\n--wpforms-field-size-sublabel-spacing: 5px;\n--wpforms-field-size-icon-size: 1;\n--wpforms-label-size-font-size: 16px;\n--wpforms-label-size-line-height: 19px;\n--wpforms-label-size-sublabel-font-size: 14px;\n--wpforms-label-size-sublabel-line-height: 17px;\n--wpforms-button-size-font-size: 17px;\n--wpforms-button-size-height: 41px;\n--wpforms-button-size-padding-h: 15px;\n--wpforms-button-size-margin-top: 10px;\n\n\t\t\t}\n\t\t\t<\/style><div class=\"wpforms-container wpforms-container-full wpforms-render-modern\" id=\"wpforms-577\"><form id=\"wpforms-form-577\" class=\"wpforms-validate wpforms-form wpforms-ajax-form\" data-formid=\"577\" method=\"post\" enctype=\"multipart\/form-data\" action=\"\/en\/wp-json\/wp\/v2\/pages\/35\" data-token=\"1e8c920fe48ffdbed0263b6506d8eadf\" data-token-time=\"1777971587\" data-trp-original-action=\"\/en\/wp-json\/wp\/v2\/pages\/35\"><noscript class=\"wpforms-error-noscript\">Please enable JavaScript in your browser to complete this form.<\/noscript><div class=\"wpforms-hidden\" id=\"wpforms-error-noscript\">Please enable JavaScript in your browser to complete this form.<\/div><div class=\"wpforms-field-container\"><div id=\"wpforms-577-field_2-container\" class=\"wpforms-field wpforms-field-text\" data-field-id=\"2\"><label class=\"wpforms-field-label\" for=\"wpforms-577-field_2\">Name and surname (company name) <span class=\"wpforms-required-label\" aria-hidden=\"true\">*<\/span><\/label><input type=\"text\" id=\"wpforms-577-field_2\" class=\"wpforms-field-medium wpforms-field-required\" name=\"wpforms[fields][2]\" aria-errormessage=\"wpforms-577-field_2-error\" required><\/div><div id=\"wpforms-577-field_4-container\" class=\"wpforms-field wpforms-field-email\" data-field-id=\"4\"><label class=\"wpforms-field-label\" for=\"wpforms-577-field_4\">Email address <span class=\"wpforms-required-label\" aria-hidden=\"true\">*<\/span><\/label><input type=\"email\" id=\"wpforms-577-field_4\" class=\"wpforms-field-medium wpforms-field-required\" name=\"wpforms[fields][4]\" spellcheck=\"false\" aria-errormessage=\"wpforms-577-field_4-error\" required><\/div><div id=\"wpforms-577-field_8-container\" class=\"wpforms-field wpforms-field-text\" data-field-id=\"8\"><label class=\"wpforms-field-label\" for=\"wpforms-577-field_8\">Vehicle VIN number (if your inquiry concerns parts)<\/label><input type=\"text\" id=\"wpforms-577-field_8\" class=\"wpforms-field-medium\" name=\"wpforms[fields][8]\" aria-errormessage=\"wpforms-577-field_8-error\" ><\/div><div id=\"wpforms-577-field_6-container\" class=\"wpforms-field wpforms-field-phone\" data-field-id=\"6\"><label class=\"wpforms-field-label\" for=\"wpforms-577-field_6\">Phone number<\/label><input type=\"tel\" id=\"wpforms-577-field_6\" class=\"wpforms-field-medium wpforms-smart-phone-field\" data-rule-smart-phone-field=\"true\" name=\"wpforms[fields][6]\" aria-label=\"Phone number\" aria-errormessage=\"wpforms-577-field_6-error\" ><\/div><div id=\"wpforms-577-field_7-container\" class=\"wpforms-field wpforms-field-textarea\" data-field-id=\"7\"><label class=\"wpforms-field-label\" for=\"wpforms-577-field_7\">Message content <span class=\"wpforms-required-label\" aria-hidden=\"true\">*<\/span><\/label><textarea id=\"wpforms-577-field_7\" class=\"wpforms-field-medium wpforms-field-required\" name=\"wpforms[fields][7]\" aria-errormessage=\"wpforms-577-field_7-error\" required><\/textarea><\/div><\/div><!-- .wpforms-field-container --><div class=\"wpforms-recaptcha-container wpforms-is-recaptcha wpforms-is-recaptcha-type-v3\" ><input type=\"hidden\" name=\"wpforms[recaptcha]\" value=\"\"><\/div><div class=\"wpforms-submit-container\" ><input type=\"hidden\" name=\"wpforms[id]\" value=\"577\"><input type=\"hidden\" name=\"page_title\" value=\"\"><input type=\"hidden\" name=\"page_url\" value=\"https:\/\/tir-parts.pl\/en\/wp-json\/wp\/v2\/pages\/35\"><input type=\"hidden\" name=\"url_referer\" value=\"\"><button type=\"submit\" name=\"wpforms[submit]\" id=\"wpforms-submit-577\" class=\"wpforms-submit\" data-alt-text=\"Wysy\u0142anie...\" data-submit-text=\"Prze\u015blij\" aria-live=\"assertive\" value=\"wpforms-submit\">Submit<\/button><img decoding=\"async\" src=\"https:\/\/tir-parts.pl\/wp-content\/plugins\/wpforms\/assets\/images\/submit-spin.svg\" class=\"wpforms-submit-spinner\" style=\"display: none;\" width=\"26\" height=\"26\" alt=\"Loading\" title=\"\"><\/div><input type=\"hidden\" name=\"trp-form-language\" value=\"en\"\/><\/form><\/div>  <!-- .wpforms-container -->\t\t\t\t<\/div>\n\t\t\t\t<\/div>\n\t\t\t\t<\/div>\n\t\t\t\t\t<\/div>\n\t\t\t\t<\/div>\n\t\t<div class=\"elementor-element elementor-element-aab9197 e-flex e-con-boxed e-con e-parent\" data-id=\"aab9197\" data-element_type=\"container\">\n\t\t\t\t\t<div class=\"e-con-inner\">\n\t\t\t\t\t<\/div>\n\t\t\t\t<\/div>\n\t\t\t\t<\/div>","protected":false},"excerpt":{"rendered":"<p>Skontaktuj si\u0119 z nami \u2013 odpowiemy szybko i konkretnie Masz pytanie o dost\u0119pno\u015b\u0107 cz\u0119\u015bci do ci\u0119\u017car\u00f3wek? A mo\u017ce chcesz sprawdzi\u0107 warunki wsp\u00f3\u0142pracy? Wype\u0142nij formularz lub zadzwo\u0144 \u2013 jeste\u015bmy tu, by pom\u00f3c. J\u00f3zef \u0141ukasik \ud83d\udcde +48 508 073 890 \u2709\ufe0f jozef@tir-parts.pl Napisz na WhatsApp Jaros\u0142aw G\u0142uchowski \ud83d\udcde +48 500 251 197 \u2709\ufe0f jarek@tir-parts.pl Napisz na WhatsApp [&hellip;]<\/p>","protected":false},"author":1,"featured_media":0,"parent":0,"menu_order":0,"comment_status":"closed","ping_status":"closed","template":"elementor_header_footer","meta":{"footnotes":""},"class_list":["post-35","page","type-page","status-publish","hentry"],"blocksy_meta":[],"_links":{"self":[{"href":"https:\/\/tir-parts.pl\/en\/wp-json\/wp\/v2\/pages\/35","targetHints":{"allow":["GET"]}}],"collection":[{"href":"https:\/\/tir-parts.pl\/en\/wp-json\/wp\/v2\/pages"}],"about":[{"href":"https:\/\/tir-parts.pl\/en\/wp-json\/wp\/v2\/types\/page"}],"author":[{"embeddable":true,"href":"https:\/\/tir-parts.pl\/en\/wp-json\/wp\/v2\/users\/1"}],"replies":[{"embeddable":true,"href":"https:\/\/tir-parts.pl\/en\/wp-json\/wp\/v2\/comments?post=35"}],"version-history":[{"count":49,"href":"https:\/\/tir-parts.pl\/en\/wp-json\/wp\/v2\/pages\/35\/revisions"}],"predecessor-version":[{"id":628,"href":"https:\/\/tir-parts.pl\/en\/wp-json\/wp\/v2\/pages\/35\/revisions\/628"}],"wp:attachment":[{"href":"https:\/\/tir-parts.pl\/en\/wp-json\/wp\/v2\/media?parent=35"}],"curies":[{"name":"wp","href":"https:\/\/api.w.org\/{rel}","templated":true}]}}